{"id":834,"date":"2025-01-15T02:26:38","date_gmt":"2025-01-15T02:26:38","guid":{"rendered":"https:\/\/unisolnic.com\/?page_id=834"},"modified":"2025-02-20T16:43:07","modified_gmt":"2025-02-20T16:43:07","slug":"contact-us","status":"publish","type":"page","link":"https:\/\/unisolnic.com\/es\/contact-us\/","title":{"rendered":"Contacto"},"content":{"rendered":"<div data-elementor-type=\"wp-page\" data-elementor-id=\"834\" class=\"elementor elementor-834\">\n\t\t\t\t<div class=\"elementor-element elementor-element-6ede41c e-flex e-con-boxed wpr-particle-no wpr-jarallax-no wpr-parallax-no wpr-sticky-section-no wpr-equal-height-no e-con e-parent\" data-id=\"6ede41c\" data-element_type=\"container\" data-e-type=\"container\">\n\t\t\t\t\t<div class=\"e-con-inner\">\n\t\t\t\t<div class=\"elementor-element elementor-element-bace481 elementor-widget elementor-widget-heading\" data-id=\"bace481\" data-element_type=\"widget\" data-e-type=\"widget\" data-widget_type=\"heading.default\">\n\t\t\t\t<div class=\"elementor-widget-container\">\n\t\t\t\t\t<h2 class=\"elementor-heading-title elementor-size-default\">CONT\u00c1CTENOS - UNISOL<\/h2>\t\t\t\t<\/div>\n\t\t\t\t<\/div>\n\t\t\t\t\t<\/div>\n\t\t\t\t<\/div>\n\t\t<div class=\"elementor-element elementor-element-6286d22 e-flex e-con-boxed wpr-particle-no wpr-jarallax-no wpr-parallax-no wpr-sticky-section-no wpr-equal-height-no e-con e-parent\" data-id=\"6286d22\" data-element_type=\"container\" data-e-type=\"container\">\n\t\t\t\t\t<div class=\"e-con-inner\">\n\t\t<div class=\"elementor-element elementor-element-4666623 e-con-full e-flex wpr-particle-no wpr-jarallax-no wpr-parallax-no wpr-sticky-section-no wpr-equal-height-no e-con e-child\" data-id=\"4666623\" data-element_type=\"container\" data-e-type=\"container\" data-settings=\"{&quot;background_background&quot;:&quot;classic&quot;}\">\n\t\t\t\t<\/div>\n\t\t<div class=\"elementor-element elementor-element-db09994 e-con-full e-flex wpr-particle-no wpr-jarallax-no wpr-parallax-no wpr-sticky-section-no wpr-equal-height-no e-con e-child\" data-id=\"db09994\" data-element_type=\"container\" data-e-type=\"container\">\n\t\t\t\t<div class=\"elementor-element elementor-element-9fcb58b elementor-widget elementor-widget-text-editor\" data-id=\"9fcb58b\" data-element_type=\"widget\" data-e-type=\"widget\" data-widget_type=\"text-editor.default\">\n\t\t\t\t<div class=\"elementor-widget-container\">\n\t\t\t\t\t\t\t\t\t<p>En <strong>Unisol<\/strong>, nos dedicamos a brindar soluciones innovadoras y personalizadas para satisfacer las necesidades \u00fanicas de su negocio en Nicaragua. Nuestro equipo de expertos est\u00e1 aqu\u00ed para ofrecer un servicio confiable y eficiente, ayud\u00e1ndolo a optimizar sus operaciones y alcanzar sus objetivos.<\/p><p>No dude en comunicarse con nosotros por tel\u00e9fono, correo electr\u00f3nico o completando nuestro formulario en l\u00ednea. Le responderemos a la brevedad con una soluci\u00f3n personalizada para satisfacer sus necesidades espec\u00edficas.<\/p><p>Conf\u00ede en <strong>Unisol<\/strong> para obtener el apoyo y los recursos que necesita para impulsar su \u00e9xito en Nicaragua. <strong>\u00a1Estamos aqu\u00ed para ayudarle!<\/strong><\/p>\t\t\t\t\t\t\t\t<\/div>\n\t\t\t\t<\/div>\n\t\t\t\t<\/div>\n\t\t\t\t\t<\/div>\n\t\t\t\t<\/div>\n\t\t<div class=\"elementor-element elementor-element-4ec1dbd e-flex e-con-boxed wpr-particle-no wpr-jarallax-no wpr-parallax-no wpr-sticky-section-no wpr-equal-height-no e-con e-parent\" data-id=\"4ec1dbd\" data-element_type=\"container\" data-e-type=\"container\">\n\t\t\t\t\t<div class=\"e-con-inner\">\n\t\t<div class=\"elementor-element elementor-element-5349e23 e-con-full e-flex wpr-particle-no wpr-jarallax-no wpr-parallax-no wpr-sticky-section-no wpr-equal-height-no e-con e-child\" data-id=\"5349e23\" data-element_type=\"container\" data-e-type=\"container\">\n\t\t\t\t<div class=\"elementor-element elementor-element-bb3da62 elementor-widget elementor-widget-text-editor\" data-id=\"bb3da62\" data-element_type=\"widget\" data-e-type=\"widget\" data-widget_type=\"text-editor.default\">\n\t\t\t\t<div class=\"elementor-widget-container\">\n\t\t\t\t\t\t\t\t\t<div class=\"elementor-element elementor-element-f342239 elementor-widget elementor-widget-heading\" data-id=\"f342239\" data-element_type=\"widget\" data-widget_type=\"heading.default\"><div class=\"elementor-widget-container\"><p><strong>Ll\u00e1menos:<\/strong><br \/>Nosotros estamos disponibles de:<br \/>Monday to Friday: 9:00 a.m. \u2013 5:00 p.m.<br \/>Phone: (+505) 2266 0162\u00a0 \u00a0 \u00a0 Whatsap: (+505) 5826 9216<\/p><p><strong>Env\u00edenos un correo electr\u00f3nico:<\/strong><br \/><a rel=\"noopener\">gerencia@unisolnic.com<\/a><\/p><p>Env\u00edenos un correo electr\u00f3nico y nos comunicaremos con usted dentro de las 24 horas.<\/p><\/div><\/div>\t\t\t\t\t\t\t\t<\/div>\n\t\t\t\t<\/div>\n\t\t\t\t<\/div>\n\t\t<div class=\"elementor-element elementor-element-6a5cb16 e-con-full e-flex wpr-particle-no wpr-jarallax-no wpr-parallax-no wpr-sticky-section-no wpr-equal-height-no e-con e-child\" data-id=\"6a5cb16\" data-element_type=\"container\" data-e-type=\"container\">\n\t\t\t\t<\/div>\n\t\t\t\t\t<\/div>\n\t\t\t\t<\/div>\n\t\t\t\t<\/div>","protected":false},"excerpt":{"rendered":"<p>CONTACT US &#8211; UNISOL At Unisol, we are dedicated to providing innovative, customized solutions to meet the unique needs of your business in Nicaragua. Our team of experts is here to offer reliable and efficient service, helping you optimize your operations and achieve your goals. Feel free to reach out to us via phone, email, or by filling out our online form. We\u2019ll respond promptly with a tailored solution to address your specific requirements. Trust Unisol for the support and resources you need to drive your success in Nicaragua. We\u2019re here to assist you! Call Us:We are available from:Monday to Friday: 9:00 a.m. \u2013 5:00 p.m.Phone: (+505) 2266 0162\u00a0 \u00a0 \u00a0 Whatsap: (+505) 5826 9216 Email Us:gerencia@unisolnic.com Email us and we will contact you within 24 hours.<\/p>","protected":false},"author":1,"featured_media":0,"parent":0,"menu_order":0,"comment_status":"closed","ping_status":"closed","template":"","meta":{"footnotes":""},"class_list":["post-834","page","type-page","status-publish","hentry"],"_links":{"self":[{"href":"https:\/\/unisolnic.com\/es\/wp-json\/wp\/v2\/pages\/834","targetHints":{"allow":["GET"]}}],"collection":[{"href":"https:\/\/unisolnic.com\/es\/wp-json\/wp\/v2\/pages"}],"about":[{"href":"https:\/\/unisolnic.com\/es\/wp-json\/wp\/v2\/types\/page"}],"author":[{"embeddable":true,"href":"https:\/\/unisolnic.com\/es\/wp-json\/wp\/v2\/users\/1"}],"replies":[{"embeddable":true,"href":"https:\/\/unisolnic.com\/es\/wp-json\/wp\/v2\/comments?post=834"}],"version-history":[{"count":19,"href":"https:\/\/unisolnic.com\/es\/wp-json\/wp\/v2\/pages\/834\/revisions"}],"predecessor-version":[{"id":1220,"href":"https:\/\/unisolnic.com\/es\/wp-json\/wp\/v2\/pages\/834\/revisions\/1220"}],"wp:attachment":[{"href":"https:\/\/unisolnic.com\/es\/wp-json\/wp\/v2\/media?parent=834"}],"curies":[{"name":"wp","href":"https:\/\/api.w.org\/{rel}","templated":true}]}}