{"id":737,"date":"2025-01-13T23:50:44","date_gmt":"2025-01-13T23:50:44","guid":{"rendered":"https:\/\/unisolnic.com\/?page_id=737"},"modified":"2025-02-14T18:21:58","modified_gmt":"2025-02-14T18:21:58","slug":"blog","status":"publish","type":"page","link":"https:\/\/unisolnic.com\/es\/blog\/","title":{"rendered":"Blog"},"content":{"rendered":"<div data-elementor-type=\"wp-page\" data-elementor-id=\"737\" class=\"elementor elementor-737\">\n\t\t\t\t<div class=\"elementor-element elementor-element-d051597 e-con-full e-flex wpr-particle-no wpr-jarallax-no wpr-parallax-no wpr-sticky-section-no wpr-equal-height-no e-con e-parent\" data-id=\"d051597\" data-element_type=\"container\" data-e-type=\"container\" data-settings=\"{&quot;background_background&quot;:&quot;classic&quot;}\">\n\t\t\t\t<div class=\"elementor-element elementor-element-cb203f4 elementor-widget elementor-widget-heading\" data-id=\"cb203f4\" data-element_type=\"widget\" data-e-type=\"widget\" data-widget_type=\"heading.default\">\n\t\t\t\t<div class=\"elementor-widget-container\">\n\t\t\t\t\t<h2 class=\"elementor-heading-title elementor-size-default\">NOTICIAS -<\/h2>\t\t\t\t<\/div>\n\t\t\t\t<\/div>\n\t\t\t\t<div class=\"elementor-element elementor-element-fe9ba0b elementor-widget__width-initial elementor-widget-mobile__width-initial elementor-widget elementor-widget-text-editor\" data-id=\"fe9ba0b\" data-element_type=\"widget\" data-e-type=\"widget\" data-widget_type=\"text-editor.default\">\n\t\t\t\t<div class=\"elementor-widget-container\">\n\t\t\t\t\t\t\t\t\t<p><strong>Bienvenido a nuestro blog, un centro para explorar ideas transformadoras en diversas industrias. Desde avances en energ\u00eda verde y soluciones sostenibles hasta servicios portuarios y herramientas educativas de vanguardia como las que ofrece Edibon, le traemos historias que inspiran e informan. Profundice en temas que impulsan la innovaci\u00f3n y crean un futuro m\u00e1s brillante y sostenible.<\/strong><\/p>\t\t\t\t\t\t\t\t<\/div>\n\t\t\t\t<\/div>\n\t\t\t\t<\/div>\n\t\t<div class=\"elementor-element elementor-element-fe60497 e-flex e-con-boxed wpr-particle-no wpr-jarallax-no wpr-parallax-no wpr-sticky-section-no wpr-equal-height-no e-con e-parent\" data-id=\"fe60497\" data-element_type=\"container\" data-e-type=\"container\">\n\t\t\t\t\t<div class=\"e-con-inner\">\n\t\t<div class=\"elementor-element elementor-element-3f0afc7 e-con-full e-flex wpr-particle-no wpr-jarallax-no wpr-parallax-no wpr-sticky-section-no wpr-equal-height-no e-con e-child\" data-id=\"3f0afc7\" data-element_type=\"container\" data-e-type=\"container\">\n\t\t\t\t<div class=\"elementor-element elementor-element-6ee1941 elementor-widget elementor-widget-heading\" data-id=\"6ee1941\" data-element_type=\"widget\" data-e-type=\"widget\" data-widget_type=\"heading.default\">\n\t\t\t\t<div class=\"elementor-widget-container\">\n\t\t\t\t\t<h2 class=\"elementor-heading-title elementor-size-default\"><a href=\"https:\/\/unisolnic.com\/es\/edibon\/\">Equipamiento did\u00e1ctico innovador: la contribuci\u00f3n de Edibon a la educaci\u00f3n t\u00e9cnica<\/a><\/h2>\t\t\t\t<\/div>\n\t\t\t\t<\/div>\n\t\t\t\t<\/div>\n\t\t<div class=\"elementor-element elementor-element-8fecbf1 e-con-full e-flex wpr-particle-no wpr-jarallax-no wpr-parallax-no wpr-sticky-section-no wpr-equal-height-no e-con e-child\" data-id=\"8fecbf1\" data-element_type=\"container\" data-e-type=\"container\">\n\t\t\t\t<\/div>\n\t\t\t\t\t<\/div>\n\t\t\t\t<\/div>\n\t\t\t\t<\/div>","protected":false},"excerpt":{"rendered":"<p>NEWS &#8211; Welcome to our blog, a hub for exploring transformative ideas across diverse industries. From advancements in green energy and sustainable solutions to port services and cutting-edge educational tools like those offered by Edibon, we bring you stories that inspire and inform. Dive into topics that drive innovation and create a brighter, more sustainable future. Innovative Didactic Equipment: Edibon&#8217;s Contribution to Technical Education<\/p>","protected":false},"author":1,"featured_media":0,"parent":0,"menu_order":0,"comment_status":"closed","ping_status":"closed","template":"","meta":{"footnotes":""},"class_list":["post-737","page","type-page","status-publish","hentry"],"_links":{"self":[{"href":"https:\/\/unisolnic.com\/es\/wp-json\/wp\/v2\/pages\/737","targetHints":{"allow":["GET"]}}],"collection":[{"href":"https:\/\/unisolnic.com\/es\/wp-json\/wp\/v2\/pages"}],"about":[{"href":"https:\/\/unisolnic.com\/es\/wp-json\/wp\/v2\/types\/page"}],"author":[{"embeddable":true,"href":"https:\/\/unisolnic.com\/es\/wp-json\/wp\/v2\/users\/1"}],"replies":[{"embeddable":true,"href":"https:\/\/unisolnic.com\/es\/wp-json\/wp\/v2\/comments?post=737"}],"version-history":[{"count":28,"href":"https:\/\/unisolnic.com\/es\/wp-json\/wp\/v2\/pages\/737\/revisions"}],"predecessor-version":[{"id":1179,"href":"https:\/\/unisolnic.com\/es\/wp-json\/wp\/v2\/pages\/737\/revisions\/1179"}],"wp:attachment":[{"href":"https:\/\/unisolnic.com\/es\/wp-json\/wp\/v2\/media?parent=737"}],"curies":[{"name":"wp","href":"https:\/\/api.w.org\/{rel}","templated":true}]}}